{"id":52,"date":"2025-01-24T11:15:11","date_gmt":"2025-01-24T11:15:11","guid":{"rendered":"https:\/\/zavodskofljica.si\/?page_id=52"},"modified":"2025-10-17T10:23:02","modified_gmt":"2025-10-17T10:23:02","slug":"svet-zavoda","status":"publish","type":"page","link":"https:\/\/zavodskofljica.si\/index.php\/svet-zavoda\/","title":{"rendered":"Svet zavoda"},"content":{"rendered":"<p class=\"p1\">Svet zavoda je upravljalni organ, ki skrbi za u\u010dinkovito in zakonito delovanje zavoda. Njegova naloga je sprejemanje strate\u0161kih usmeritev, potrjevanje klju\u010dnih dokumentov, kot so letni program dela in finan\u010dni na\u010drt, ter nadzor nad izvajanjem dejavnosti zavoda.<\/p>\n<p class=\"p1\">Med njegove pristojnosti sodijo tudi imenovanje in razre\u0161itev direktorja, obravnava poro\u010dil o delu ter sprejemanje pomembnih odlo\u010ditev v skladu z ustanovitvenim aktom in zakonodajo. Svet zavoda sodeluje z ustanoviteljem in drugimi dele\u017eniki ter prispeva k razvoju in izbolj\u0161anju delovanja zavoda.<\/p>\n<p>POSLOVNIK:<\/p>\n<p><a href=\"https:\/\/zavodskofljica.si\/wp-content\/uploads\/2025\/05\/3.-00-2025-0006-Poslovnik-sveta-Zavoda-Skofljica_v4_podpisan.pdf\">Poslovnik javnega zavoda Zavod \u0160kofljica<\/a><\/p>\n<p>&nbsp;<\/p>\n<p>ZAPISNIKI (sej sveta javnega zavoda Zavod \u0160kofljica):<\/p>\n<ol>\n<li><a href=\"https:\/\/zavodskofljica.si\/wp-content\/uploads\/2025\/05\/1.-00-2024-0001-Zapisnik-1.-konstituivne-seje-Zavoda-Skofljica-20.12.2024_v5_podpisan.pdf\">(Konstituivna) Seja sveta zavoda &#8211; 20.12.2024<\/a><\/li>\n<li><a href=\"https:\/\/zavodskofljica.si\/wp-content\/uploads\/2025\/05\/2.-00-2025-0009-Zapisnik-2.-seje-sveta-Zavoda-25.02.2025_podpisan.pdf\">Seja sveta zavoda &#8211; 25.02.2025<\/a><\/li>\n<li><a href=\"https:\/\/zavodskofljica.si\/wp-content\/uploads\/2025\/10\/1.-00-2025-0015-Zapisnik-3.-seje-sveta-Zavoda-19.05.2025_v3_podpisan.pdf\">Seja sveta zavoda &#8211; 19.05.2025<\/a><\/li>\n<li>Seja sveta zavoda &#8211; 09.10.2025<\/li>\n<\/ol>\n<p>&nbsp;<\/p>\n","protected":false},"excerpt":{"rendered":"<p>Svet zavoda je upravljalni organ, ki skrbi za u\u010dinkovito in zakonito delovanje zavoda. Njegova naloga je sprejemanje strate\u0161kih usmeritev, potrjevanje klju\u010dnih dokumentov, kot so letni program dela in finan\u010dni na\u010drt, ter nadzor nad izvajanjem dejavnosti zavoda. Med njegove pristojnosti sodijo tudi imenovanje in razre\u0161itev direktorja, obravnava poro\u010dil o delu ter sprejemanje pomembnih odlo\u010ditev v skladu [&hellip;]<\/p>\n","protected":false},"author":1,"featured_media":0,"parent":0,"menu_order":0,"comment_status":"closed","ping_status":"closed","template":"","meta":{"ocean_post_layout":"","ocean_both_sidebars_style":"","ocean_both_sidebars_content_width":0,"ocean_both_sidebars_sidebars_width":0,"ocean_sidebar":"0","ocean_second_sidebar":"0","ocean_disable_margins":"enable","ocean_add_body_class":"","ocean_shortcode_before_top_bar":"","ocean_shortcode_after_top_bar":"","ocean_shortcode_before_header":"","ocean_shortcode_after_header":"","ocean_has_shortcode":"","ocean_shortcode_after_title":"","ocean_shortcode_before_footer_widgets":"","ocean_shortcode_after_footer_widgets":"","ocean_shortcode_before_footer_bottom":"","ocean_shortcode_after_footer_bottom":"","ocean_display_top_bar":"default","ocean_display_header":"default","ocean_header_style":"","ocean_center_header_left_menu":"0","ocean_custom_header_template":"0","ocean_custom_logo":0,"ocean_custom_retina_logo":0,"ocean_custom_logo_max_width":0,"ocean_custom_logo_tablet_max_width":0,"ocean_custom_logo_mobile_max_width":0,"ocean_custom_logo_max_height":0,"ocean_custom_logo_tablet_max_height":0,"ocean_custom_logo_mobile_max_height":0,"ocean_header_custom_menu":"0","ocean_menu_typo_font_family":"0","ocean_menu_typo_font_subset":"","ocean_menu_typo_font_size":0,"ocean_menu_typo_font_size_tablet":0,"ocean_menu_typo_font_size_mobile":0,"ocean_menu_typo_font_size_unit":"px","ocean_menu_typo_font_weight":"","ocean_menu_typo_font_weight_tablet":"","ocean_menu_typo_font_weight_mobile":"","ocean_menu_typo_transform":"","ocean_menu_typo_transform_tablet":"","ocean_menu_typo_transform_mobile":"","ocean_menu_typo_line_height":0,"ocean_menu_typo_line_height_tablet":0,"ocean_menu_typo_line_height_mobile":0,"ocean_menu_typo_line_height_unit":"","ocean_menu_typo_spacing":0,"ocean_menu_typo_spacing_tablet":0,"ocean_menu_typo_spacing_mobile":0,"ocean_menu_typo_spacing_unit":"","ocean_menu_link_color":"","ocean_menu_link_color_hover":"","ocean_menu_link_color_active":"","ocean_menu_link_background":"","ocean_menu_link_hover_background":"","ocean_menu_link_active_background":"","ocean_menu_social_links_bg":"","ocean_menu_social_hover_links_bg":"","ocean_menu_social_links_color":"","ocean_menu_social_hover_links_color":"","ocean_disable_title":"default","ocean_disable_heading":"default","ocean_post_title":"","ocean_post_subheading":"","ocean_post_title_style":"","ocean_post_title_background_color":"","ocean_post_title_background":0,"ocean_post_title_bg_image_position":"","ocean_post_title_bg_image_attachment":"","ocean_post_title_bg_image_repeat":"","ocean_post_title_bg_image_size":"","ocean_post_title_height":0,"ocean_post_title_bg_overlay":0.5,"ocean_post_title_bg_overlay_color":"","ocean_disable_breadcrumbs":"default","ocean_breadcrumbs_color":"","ocean_breadcrumbs_separator_color":"","ocean_breadcrumbs_links_color":"","ocean_breadcrumbs_links_hover_color":"","ocean_display_footer_widgets":"default","ocean_display_footer_bottom":"default","ocean_custom_footer_template":"0","two_page_speed":[],"footnotes":""},"class_list":["post-52","page","type-page","status-publish","hentry","entry"],"_links":{"self":[{"href":"https:\/\/zavodskofljica.si\/index.php\/wp-json\/wp\/v2\/pages\/52","targetHints":{"allow":["GET"]}}],"collection":[{"href":"https:\/\/zavodskofljica.si\/index.php\/wp-json\/wp\/v2\/pages"}],"about":[{"href":"https:\/\/zavodskofljica.si\/index.php\/wp-json\/wp\/v2\/types\/page"}],"author":[{"embeddable":true,"href":"https:\/\/zavodskofljica.si\/index.php\/wp-json\/wp\/v2\/users\/1"}],"replies":[{"embeddable":true,"href":"https:\/\/zavodskofljica.si\/index.php\/wp-json\/wp\/v2\/comments?post=52"}],"version-history":[{"count":11,"href":"https:\/\/zavodskofljica.si\/index.php\/wp-json\/wp\/v2\/pages\/52\/revisions"}],"predecessor-version":[{"id":309,"href":"https:\/\/zavodskofljica.si\/index.php\/wp-json\/wp\/v2\/pages\/52\/revisions\/309"}],"wp:attachment":[{"href":"https:\/\/zavodskofljica.si\/index.php\/wp-json\/wp\/v2\/media?parent=52"}],"curies":[{"name":"wp","href":"https:\/\/api.w.org\/{rel}","templated":true}]}}