{"id":50,"date":"2025-01-24T11:14:46","date_gmt":"2025-01-24T11:14:46","guid":{"rendered":"https:\/\/zavodskofljica.si\/?page_id=50"},"modified":"2025-05-26T04:55:47","modified_gmt":"2025-05-26T04:55:47","slug":"odloki-statut","status":"publish","type":"page","link":"https:\/\/zavodskofljica.si\/index.php\/odloki-statut\/","title":{"rendered":"Statut, odloki in ostali akti"},"content":{"rendered":"<p>ODLOKI:<\/p>\n<p><a href=\"https:\/\/www.uradni-list.si\/glasilo-uradni-list-rs\/vsebina\/2024-01-1979\/odlok-o-ustanovitvi-javnega-zavoda-zavod-za-kulturo-turizem-sport-in-mladino-skofljica\/#(dejavnost%C2%A0zavoda%C2%A0po%C2%A0standardni%C2%A0klasifikaciji%C2%A0dejavnosti)\">Odlok o ustanovitvi javnega zavoda Zavod za kulturo, turizem, \u0161port in mladino \u0160kofljica<\/a><\/p>\n<p><a href=\"https:\/\/www.uradni-list.si\/glasilo-uradni-list-rs\/vsebina\/2024-01-3790\/odlok-o-mladini-v-obcini-skofljica\">Odlok o mladini v ob\u010dini \u0160kofljica<\/a><\/p>\n<p>STATUT:<\/p>\n<p><a href=\"https:\/\/zavodskofljica.si\/wp-content\/uploads\/2025\/05\/4.-00-2025-0007-Statut-Zavoda-Skofljica_v4_podpisan.pdf\">Statut javnega zavoda Zavod \u0160kofljica<\/a><\/p>\n<p>PRAVILNIKI:<\/p>\n<p><a href=\"https:\/\/zavodskofljica.si\/wp-content\/uploads\/2025\/05\/5.-00-2025-0010-Pravilnik-o-prodaji-blaga-in-storitev-na-trgu_v1_podpisan.pdf\">Pravilnik o prodaji blaga in storitev na trgu<\/a><\/p>\n<p>PROGRAMI:<\/p>\n<p><a href=\"https:\/\/zavodskofljica.si\/wp-content\/uploads\/2025\/05\/6.-00-2025-0004-Program-dela-in-financni-nacrt-za-leto-2025_v3_podpisan.pdf\">Program dela in financ\u030cni nac\u030crt za leto 2025<\/a><\/p>\n","protected":false},"excerpt":{"rendered":"<p>ODLOKI: Odlok o ustanovitvi javnega zavoda Zavod za kulturo, turizem, \u0161port in mladino \u0160kofljica Odlok o mladini v ob\u010dini \u0160kofljica STATUT: Statut javnega zavoda Zavod \u0160kofljica PRAVILNIKI: Pravilnik o prodaji blaga in storitev na trgu PROGRAMI: Program dela in financ\u030cni nac\u030crt za leto 2025<\/p>\n","protected":false},"author":1,"featured_media":0,"parent":0,"menu_order":0,"comment_status":"closed","ping_status":"closed","template":"","meta":{"ocean_post_layout":"","ocean_both_sidebars_style":"","ocean_both_sidebars_content_width":0,"ocean_both_sidebars_sidebars_width":0,"ocean_sidebar":"0","ocean_second_sidebar":"0","ocean_disable_margins":"enable","ocean_add_body_class":"","ocean_shortcode_before_top_bar":"","ocean_shortcode_after_top_bar":"","ocean_shortcode_before_header":"","ocean_shortcode_after_header":"","ocean_has_shortcode":"","ocean_shortcode_after_title":"","ocean_shortcode_before_footer_widgets":"","ocean_shortcode_after_footer_widgets":"","ocean_shortcode_before_footer_bottom":"","ocean_shortcode_after_footer_bottom":"","ocean_display_top_bar":"default","ocean_display_header":"default","ocean_header_style":"","ocean_center_header_left_menu":"0","ocean_custom_header_template":"0","ocean_custom_logo":0,"ocean_custom_retina_logo":0,"ocean_custom_logo_max_width":0,"ocean_custom_logo_tablet_max_width":0,"ocean_custom_logo_mobile_max_width":0,"ocean_custom_logo_max_height":0,"ocean_custom_logo_tablet_max_height":0,"ocean_custom_logo_mobile_max_height":0,"ocean_header_custom_menu":"0","ocean_menu_typo_font_family":"0","ocean_menu_typo_font_subset":"","ocean_menu_typo_font_size":0,"ocean_menu_typo_font_size_tablet":0,"ocean_menu_typo_font_size_mobile":0,"ocean_menu_typo_font_size_unit":"px","ocean_menu_typo_font_weight":"","ocean_menu_typo_font_weight_tablet":"","ocean_menu_typo_font_weight_mobile":"","ocean_menu_typo_transform":"","ocean_menu_typo_transform_tablet":"","ocean_menu_typo_transform_mobile":"","ocean_menu_typo_line_height":0,"ocean_menu_typo_line_height_tablet":0,"ocean_menu_typo_line_height_mobile":0,"ocean_menu_typo_line_height_unit":"","ocean_menu_typo_spacing":0,"ocean_menu_typo_spacing_tablet":0,"ocean_menu_typo_spacing_mobile":0,"ocean_menu_typo_spacing_unit":"","ocean_menu_link_color":"","ocean_menu_link_color_hover":"","ocean_menu_link_color_active":"","ocean_menu_link_background":"","ocean_menu_link_hover_background":"","ocean_menu_link_active_background":"","ocean_menu_social_links_bg":"","ocean_menu_social_hover_links_bg":"","ocean_menu_social_links_color":"","ocean_menu_social_hover_links_color":"","ocean_disable_title":"default","ocean_disable_heading":"default","ocean_post_title":"","ocean_post_subheading":"","ocean_post_title_style":"","ocean_post_title_background_color":"","ocean_post_title_background":0,"ocean_post_title_bg_image_position":"","ocean_post_title_bg_image_attachment":"","ocean_post_title_bg_image_repeat":"","ocean_post_title_bg_image_size":"","ocean_post_title_height":0,"ocean_post_title_bg_overlay":0.5,"ocean_post_title_bg_overlay_color":"","ocean_disable_breadcrumbs":"default","ocean_breadcrumbs_color":"","ocean_breadcrumbs_separator_color":"","ocean_breadcrumbs_links_color":"","ocean_breadcrumbs_links_hover_color":"","ocean_display_footer_widgets":"default","ocean_display_footer_bottom":"default","ocean_custom_footer_template":"0","two_page_speed":[],"footnotes":""},"class_list":["post-50","page","type-page","status-publish","hentry","entry"],"_links":{"self":[{"href":"https:\/\/zavodskofljica.si\/index.php\/wp-json\/wp\/v2\/pages\/50","targetHints":{"allow":["GET"]}}],"collection":[{"href":"https:\/\/zavodskofljica.si\/index.php\/wp-json\/wp\/v2\/pages"}],"about":[{"href":"https:\/\/zavodskofljica.si\/index.php\/wp-json\/wp\/v2\/types\/page"}],"author":[{"embeddable":true,"href":"https:\/\/zavodskofljica.si\/index.php\/wp-json\/wp\/v2\/users\/1"}],"replies":[{"embeddable":true,"href":"https:\/\/zavodskofljica.si\/index.php\/wp-json\/wp\/v2\/comments?post=50"}],"version-history":[{"count":11,"href":"https:\/\/zavodskofljica.si\/index.php\/wp-json\/wp\/v2\/pages\/50\/revisions"}],"predecessor-version":[{"id":233,"href":"https:\/\/zavodskofljica.si\/index.php\/wp-json\/wp\/v2\/pages\/50\/revisions\/233"}],"wp:attachment":[{"href":"https:\/\/zavodskofljica.si\/index.php\/wp-json\/wp\/v2\/media?parent=50"}],"curies":[{"name":"wp","href":"https:\/\/api.w.org\/{rel}","templated":true}]}}