{"id":46,"date":"2025-01-24T11:13:47","date_gmt":"2025-01-24T11:13:47","guid":{"rendered":"https:\/\/zavodskofljica.si\/?page_id=46"},"modified":"2025-01-30T14:32:28","modified_gmt":"2025-01-30T14:32:28","slug":"mladina","status":"publish","type":"page","link":"https:\/\/zavodskofljica.si\/index.php\/mladina\/","title":{"rendered":"Mladina"},"content":{"rendered":"<p class=\"p1\">Na podro\u010dju mladine zavod ustvarja pogoje za mladinsko dejavnost ter spodbuja razvoj mladinskega dela. Izvaja strategije, politike in ukrepe, ki vplivajo na kakovost \u017eivljenja mladih.<\/p>\n<p class=\"p1\">Njegovo delovanje je usmerjeno v ustvarjanje prilo\u017enosti za dru\u017eenje, aktivno in kvalitetno pre\u017eivljanje prostega \u010dasa, ustvarjalnost in dodatno izobra\u017eevanje. Poseben poudarek namenja tudi medgeneracijskim projektom, ki prispevajo k bolj\u0161i povezanosti in kakovosti \u017eivljenja razli\u010dnih generacij.<\/p>\n<p class=\"p1\">Zavod podpira mlade pri kulturnem in umetni\u0161kem ustvarjanju, razvoju idej ter pri soo\u010danju z izzivi. Pri oblikovanju lastnih projektov si prizadeva za aktivno vklju\u010devanje mladih, s \u010dimer krepi njihovo vlogo v lokalni skupnosti.<\/p>\n<p>Aktivnosti mladinskega centra so prvenstveno namenjene mladini v starostni skupini med 15 in 29 leti, dobrodo\u0161li pa so tudi vsi ostali.<\/p>\n<p>Trenutno delujeta dva Mladinska centra:<\/p>\n<p><strong>Mladinski center Lavrica<\/strong> (1. nadstropje stare O\u0160 na Lavrici)<br \/>\n<a href=\"https:\/\/www.instagram.com\/starasola.lavrica\/\">IG<\/a> <a href=\"https:\/\/www.facebook.com\/profile.php?id=61558828087943\">FB<\/a><br \/>\n<a href=\"mailto:stara.sola@gmail.com\">stara.sola@gmail.com<\/a><br \/>\n<span class=\"_ap3a _aaco _aacu _aacx _aad7 _aade\" dir=\"auto\">Dolenjska cesta 342<br \/>\n1291 \u0160kofljica<\/span><\/p>\n<p><strong>Mladinski center \u0160kofljica<\/strong> (biv\u0161i \u0160pica bar na \u0160kofljici)<br \/>\n<a href=\"https:\/\/www.instagram.com\/mc_skofljica\/\">IG<\/a><br \/>\n<a href=\"mailto:mc.spica@skofljica.si\">mc.spica@skofljica.si<\/a><br \/>\nKo\u010devska cesta 1<br \/>\n1291 \u0160kofljica<\/p>\n<p>&nbsp;<\/p>\n","protected":false},"excerpt":{"rendered":"<p>Na podro\u010dju mladine zavod ustvarja pogoje za mladinsko dejavnost ter spodbuja razvoj mladinskega dela. Izvaja strategije, politike in ukrepe, ki vplivajo na kakovost \u017eivljenja mladih. Njegovo delovanje je usmerjeno v ustvarjanje prilo\u017enosti za dru\u017eenje, aktivno in kvalitetno pre\u017eivljanje prostega \u010dasa, ustvarjalnost in dodatno izobra\u017eevanje. Poseben poudarek namenja tudi medgeneracijskim projektom, ki prispevajo k bolj\u0161i povezanosti [&hellip;]<\/p>\n","protected":false},"author":1,"featured_media":0,"parent":0,"menu_order":0,"comment_status":"closed","ping_status":"closed","template":"","meta":{"ocean_post_layout":"","ocean_both_sidebars_style":"","ocean_both_sidebars_content_width":0,"ocean_both_sidebars_sidebars_width":0,"ocean_sidebar":"0","ocean_second_sidebar":"0","ocean_disable_margins":"enable","ocean_add_body_class":"","ocean_shortcode_before_top_bar":"","ocean_shortcode_after_top_bar":"","ocean_shortcode_before_header":"","ocean_shortcode_after_header":"","ocean_has_shortcode":"","ocean_shortcode_after_title":"","ocean_shortcode_before_footer_widgets":"","ocean_shortcode_after_footer_widgets":"","ocean_shortcode_before_footer_bottom":"","ocean_shortcode_after_footer_bottom":"","ocean_display_top_bar":"default","ocean_display_header":"default","ocean_header_style":"","ocean_center_header_left_menu":"0","ocean_custom_header_template":"0","ocean_custom_logo":0,"ocean_custom_retina_logo":0,"ocean_custom_logo_max_width":0,"ocean_custom_logo_tablet_max_width":0,"ocean_custom_logo_mobile_max_width":0,"ocean_custom_logo_max_height":0,"ocean_custom_logo_tablet_max_height":0,"ocean_custom_logo_mobile_max_height":0,"ocean_header_custom_menu":"0","ocean_menu_typo_font_family":"0","ocean_menu_typo_font_subset":"","ocean_menu_typo_font_size":0,"ocean_menu_typo_font_size_tablet":0,"ocean_menu_typo_font_size_mobile":0,"ocean_menu_typo_font_size_unit":"px","ocean_menu_typo_font_weight":"","ocean_menu_typo_font_weight_tablet":"","ocean_menu_typo_font_weight_mobile":"","ocean_menu_typo_transform":"","ocean_menu_typo_transform_tablet":"","ocean_menu_typo_transform_mobile":"","ocean_menu_typo_line_height":0,"ocean_menu_typo_line_height_tablet":0,"ocean_menu_typo_line_height_mobile":0,"ocean_menu_typo_line_height_unit":"","ocean_menu_typo_spacing":0,"ocean_menu_typo_spacing_tablet":0,"ocean_menu_typo_spacing_mobile":0,"ocean_menu_typo_spacing_unit":"","ocean_menu_link_color":"","ocean_menu_link_color_hover":"","ocean_menu_link_color_active":"","ocean_menu_link_background":"","ocean_menu_link_hover_background":"","ocean_menu_link_active_background":"","ocean_menu_social_links_bg":"","ocean_menu_social_hover_links_bg":"","ocean_menu_social_links_color":"","ocean_menu_social_hover_links_color":"","ocean_disable_title":"default","ocean_disable_heading":"default","ocean_post_title":"","ocean_post_subheading":"","ocean_post_title_style":"","ocean_post_title_background_color":"","ocean_post_title_background":0,"ocean_post_title_bg_image_position":"","ocean_post_title_bg_image_attachment":"","ocean_post_title_bg_image_repeat":"","ocean_post_title_bg_image_size":"","ocean_post_title_height":0,"ocean_post_title_bg_overlay":0.5,"ocean_post_title_bg_overlay_color":"","ocean_disable_breadcrumbs":"default","ocean_breadcrumbs_color":"","ocean_breadcrumbs_separator_color":"","ocean_breadcrumbs_links_color":"","ocean_breadcrumbs_links_hover_color":"","ocean_display_footer_widgets":"default","ocean_display_footer_bottom":"default","ocean_custom_footer_template":"0","two_page_speed":[],"footnotes":""},"class_list":["post-46","page","type-page","status-publish","hentry","entry"],"_links":{"self":[{"href":"https:\/\/zavodskofljica.si\/index.php\/wp-json\/wp\/v2\/pages\/46","targetHints":{"allow":["GET"]}}],"collection":[{"href":"https:\/\/zavodskofljica.si\/index.php\/wp-json\/wp\/v2\/pages"}],"about":[{"href":"https:\/\/zavodskofljica.si\/index.php\/wp-json\/wp\/v2\/types\/page"}],"author":[{"embeddable":true,"href":"https:\/\/zavodskofljica.si\/index.php\/wp-json\/wp\/v2\/users\/1"}],"replies":[{"embeddable":true,"href":"https:\/\/zavodskofljica.si\/index.php\/wp-json\/wp\/v2\/comments?post=46"}],"version-history":[{"count":5,"href":"https:\/\/zavodskofljica.si\/index.php\/wp-json\/wp\/v2\/pages\/46\/revisions"}],"predecessor-version":[{"id":191,"href":"https:\/\/zavodskofljica.si\/index.php\/wp-json\/wp\/v2\/pages\/46\/revisions\/191"}],"wp:attachment":[{"href":"https:\/\/zavodskofljica.si\/index.php\/wp-json\/wp\/v2\/media?parent=46"}],"curies":[{"name":"wp","href":"https:\/\/api.w.org\/{rel}","templated":true}]}}