{"id":43,"date":"2025-01-24T11:13:27","date_gmt":"2025-01-24T11:13:27","guid":{"rendered":"https:\/\/zavodskofljica.si\/?page_id=43"},"modified":"2025-01-30T14:38:33","modified_gmt":"2025-01-30T14:38:33","slug":"sport","status":"publish","type":"page","link":"https:\/\/zavodskofljica.si\/index.php\/sport\/","title":{"rendered":"\u0160port"},"content":{"rendered":"<p class=\"p1\">Zavod podporno sodeluje k promociji \u0161porta v ob\u010dini ter ustvarja pogoje za izvajanje in rast \u0161portnih ter rekreativnih dejavnosti. S svojim delovanjem podpira razvoj posameznih \u0161portnih panog, dru\u0161tev in zdru\u017eenj ter skrbi za dostopnost \u0161portnih vsebin za vse generacije.<\/p>\n<p class=\"p1\">Pomemben del njegovega poslanstva je spodbujanje aktivnega \u017eivljenjskega sloga. Zavod sodeluje pri na\u010drtovanju in vzdr\u017eevanju javnih \u0161portnih in rekreacijskih povr\u0161in, organizira \u0161portno-rekreativne dogodke ter ozave\u0161\u010da javnost o pomenu gibanja za zdravje in dobro po\u010dutje.<\/p>\n<p class=\"p1\">Poseben poudarek namenja \u0161portni aktivnosti in dru\u017eenju otrok ter mladine, pri \u010demer povezuje \u0161portne programe z mladinskimi dejavnostmi ter spodbuja celostni razvoj mladih skozi gibanje in \u0161port.<\/p>\n<p>Povezave:<\/p>\n<p><a href=\"https:\/\/www.srd-skofljica.si\">\u0160portno-rokometno dru\u0161tvo \u0160kofljica<\/a><\/p>\n<p><a href=\"https:\/\/lavris.si\">\u0160portno dru\u0161tvo Lavris<\/a><\/p>\n<p>v dodajanju<\/p>\n","protected":false},"excerpt":{"rendered":"<p>Zavod podporno sodeluje k promociji \u0161porta v ob\u010dini ter ustvarja pogoje za izvajanje in rast \u0161portnih ter rekreativnih dejavnosti. S svojim delovanjem podpira razvoj posameznih \u0161portnih panog, dru\u0161tev in zdru\u017eenj ter skrbi za dostopnost \u0161portnih vsebin za vse generacije. Pomemben del njegovega poslanstva je spodbujanje aktivnega \u017eivljenjskega sloga. Zavod sodeluje pri na\u010drtovanju in vzdr\u017eevanju javnih [&hellip;]<\/p>\n","protected":false},"author":1,"featured_media":0,"parent":0,"menu_order":0,"comment_status":"closed","ping_status":"closed","template":"","meta":{"ocean_post_layout":"","ocean_both_sidebars_style":"","ocean_both_sidebars_content_width":0,"ocean_both_sidebars_sidebars_width":0,"ocean_sidebar":"0","ocean_second_sidebar":"0","ocean_disable_margins":"enable","ocean_add_body_class":"","ocean_shortcode_before_top_bar":"","ocean_shortcode_after_top_bar":"","ocean_shortcode_before_header":"","ocean_shortcode_after_header":"","ocean_has_shortcode":"","ocean_shortcode_after_title":"","ocean_shortcode_before_footer_widgets":"","ocean_shortcode_after_footer_widgets":"","ocean_shortcode_before_footer_bottom":"","ocean_shortcode_after_footer_bottom":"","ocean_display_top_bar":"default","ocean_display_header":"default","ocean_header_style":"","ocean_center_header_left_menu":"0","ocean_custom_header_template":"0","ocean_custom_logo":0,"ocean_custom_retina_logo":0,"ocean_custom_logo_max_width":0,"ocean_custom_logo_tablet_max_width":0,"ocean_custom_logo_mobile_max_width":0,"ocean_custom_logo_max_height":0,"ocean_custom_logo_tablet_max_height":0,"ocean_custom_logo_mobile_max_height":0,"ocean_header_custom_menu":"0","ocean_menu_typo_font_family":"0","ocean_menu_typo_font_subset":"","ocean_menu_typo_font_size":0,"ocean_menu_typo_font_size_tablet":0,"ocean_menu_typo_font_size_mobile":0,"ocean_menu_typo_font_size_unit":"px","ocean_menu_typo_font_weight":"","ocean_menu_typo_font_weight_tablet":"","ocean_menu_typo_font_weight_mobile":"","ocean_menu_typo_transform":"","ocean_menu_typo_transform_tablet":"","ocean_menu_typo_transform_mobile":"","ocean_menu_typo_line_height":0,"ocean_menu_typo_line_height_tablet":0,"ocean_menu_typo_line_height_mobile":0,"ocean_menu_typo_line_height_unit":"","ocean_menu_typo_spacing":0,"ocean_menu_typo_spacing_tablet":0,"ocean_menu_typo_spacing_mobile":0,"ocean_menu_typo_spacing_unit":"","ocean_menu_link_color":"","ocean_menu_link_color_hover":"","ocean_menu_link_color_active":"","ocean_menu_link_background":"","ocean_menu_link_hover_background":"","ocean_menu_link_active_background":"","ocean_menu_social_links_bg":"","ocean_menu_social_hover_links_bg":"","ocean_menu_social_links_color":"","ocean_menu_social_hover_links_color":"","ocean_disable_title":"default","ocean_disable_heading":"default","ocean_post_title":"","ocean_post_subheading":"","ocean_post_title_style":"","ocean_post_title_background_color":"","ocean_post_title_background":0,"ocean_post_title_bg_image_position":"","ocean_post_title_bg_image_attachment":"","ocean_post_title_bg_image_repeat":"","ocean_post_title_bg_image_size":"","ocean_post_title_height":0,"ocean_post_title_bg_overlay":0.5,"ocean_post_title_bg_overlay_color":"","ocean_disable_breadcrumbs":"default","ocean_breadcrumbs_color":"","ocean_breadcrumbs_separator_color":"","ocean_breadcrumbs_links_color":"","ocean_breadcrumbs_links_hover_color":"","ocean_display_footer_widgets":"default","ocean_display_footer_bottom":"default","ocean_custom_footer_template":"0","two_page_speed":[],"footnotes":""},"class_list":["post-43","page","type-page","status-publish","hentry","entry"],"_links":{"self":[{"href":"https:\/\/zavodskofljica.si\/index.php\/wp-json\/wp\/v2\/pages\/43","targetHints":{"allow":["GET"]}}],"collection":[{"href":"https:\/\/zavodskofljica.si\/index.php\/wp-json\/wp\/v2\/pages"}],"about":[{"href":"https:\/\/zavodskofljica.si\/index.php\/wp-json\/wp\/v2\/types\/page"}],"author":[{"embeddable":true,"href":"https:\/\/zavodskofljica.si\/index.php\/wp-json\/wp\/v2\/users\/1"}],"replies":[{"embeddable":true,"href":"https:\/\/zavodskofljica.si\/index.php\/wp-json\/wp\/v2\/comments?post=43"}],"version-history":[{"count":6,"href":"https:\/\/zavodskofljica.si\/index.php\/wp-json\/wp\/v2\/pages\/43\/revisions"}],"predecessor-version":[{"id":195,"href":"https:\/\/zavodskofljica.si\/index.php\/wp-json\/wp\/v2\/pages\/43\/revisions\/195"}],"wp:attachment":[{"href":"https:\/\/zavodskofljica.si\/index.php\/wp-json\/wp\/v2\/media?parent=43"}],"curies":[{"name":"wp","href":"https:\/\/api.w.org\/{rel}","templated":true}]}}