{"id":41,"date":"2025-01-24T11:13:22","date_gmt":"2025-01-24T11:13:22","guid":{"rendered":"https:\/\/zavodskofljica.si\/?page_id=41"},"modified":"2025-01-30T09:20:18","modified_gmt":"2025-01-30T09:20:18","slug":"turizem","status":"publish","type":"page","link":"https:\/\/zavodskofljica.si\/index.php\/turizem\/","title":{"rendered":"Turizem"},"content":{"rendered":"<p class=\"p3\">Turizem je eno izmed prednostnih podro\u010dij delovanja zavoda, zlasti v za\u010detni fazi njegovega razvoja.<\/p>\n<p class=\"p3\">Zavod v skladu s <a href=\"https:\/\/www.visitljubljana.com\/assets\/Uploads\/Strategija-razvoja-in-trzenja-v-regiji-Osrednja-Slovenija-za-obdobje-2023-2027.pdf\"><em>Strategijo razvoja in tr\u017eenja turizma v regiji\u00a0Osrednja Slovenija<\/em><\/a><span style=\"font-family: var(--global--font-secondary); font-size: var(--global--font-size-base);\">\u00a0aktivno prispeva k razvoju in prepoznavnosti turisti\u010dne ponudbe.<\/span><\/p>\n<p class=\"p3\">Njegove klju\u010dne naloge vklju\u010dujejo:<\/p>\n<p class=\"p4\">\u2022 razvoj in \u0161iritev turisti\u010dne ponudbe z oblikovanjem kakovostnih integralnih turisti\u010dnih produktov,<\/p>\n<p class=\"p4\">\u2022 trajnostno izkori\u0161\u010danje naravnih potencialov,<\/p>\n<p class=\"p4\">\u2022 ohranjanje etnolo\u0161kih in kulturnih posebnosti obmo\u010dja,<\/p>\n<p class=\"p4\">\u2022 promocijo turizma ter ve\u010djo prepoznavnost ob\u010dine \u0160kofljica in okoli\u0161kih ob\u010din.<\/p>\n<p class=\"p3\">V sodelovanju s partnerji iz drugih ob\u010din osrednje slovenije zavod izvaja skupno upravljanje destinacije, s ciljem razviti Slovenijo kot privla\u010dno in konkuren\u010dno turisti\u010dno destinacijo za zahtevne goste.<\/p>\n<p>Povezave:<\/p>\n<p><strong>Turisti\u010dno dru\u0161tvo \u0160kofljica <\/strong><a href=\"https:\/\/www.facebook.com\/turisticnodrustvoskofljica\/\">FB<\/a><br \/>\ntd.skofljica@gmail.com<br \/>\n041 611 009<\/p>\n<p><strong>Turisti\u010dno dru\u0161tvo Lavrica<br \/>\n<\/strong><a href=\"mailto:m.levstek@siol.net\">m.levstek@siol.net<\/a><\/p>\n","protected":false},"excerpt":{"rendered":"<p>Turizem je eno izmed prednostnih podro\u010dij delovanja zavoda, zlasti v za\u010detni fazi njegovega razvoja. Zavod v skladu s Strategijo razvoja in tr\u017eenja turizma v regiji\u00a0Osrednja Slovenija\u00a0aktivno prispeva k razvoju in prepoznavnosti turisti\u010dne ponudbe. Njegove klju\u010dne naloge vklju\u010dujejo: \u2022 razvoj in \u0161iritev turisti\u010dne ponudbe z oblikovanjem kakovostnih integralnih turisti\u010dnih produktov, \u2022 trajnostno izkori\u0161\u010danje naravnih potencialov, \u2022 [&hellip;]<\/p>\n","protected":false},"author":1,"featured_media":0,"parent":0,"menu_order":0,"comment_status":"closed","ping_status":"closed","template":"","meta":{"ocean_post_layout":"","ocean_both_sidebars_style":"","ocean_both_sidebars_content_width":0,"ocean_both_sidebars_sidebars_width":0,"ocean_sidebar":"0","ocean_second_sidebar":"0","ocean_disable_margins":"enable","ocean_add_body_class":"","ocean_shortcode_before_top_bar":"","ocean_shortcode_after_top_bar":"","ocean_shortcode_before_header":"","ocean_shortcode_after_header":"","ocean_has_shortcode":"","ocean_shortcode_after_title":"","ocean_shortcode_before_footer_widgets":"","ocean_shortcode_after_footer_widgets":"","ocean_shortcode_before_footer_bottom":"","ocean_shortcode_after_footer_bottom":"","ocean_display_top_bar":"default","ocean_display_header":"default","ocean_header_style":"","ocean_center_header_left_menu":"0","ocean_custom_header_template":"0","ocean_custom_logo":0,"ocean_custom_retina_logo":0,"ocean_custom_logo_max_width":0,"ocean_custom_logo_tablet_max_width":0,"ocean_custom_logo_mobile_max_width":0,"ocean_custom_logo_max_height":0,"ocean_custom_logo_tablet_max_height":0,"ocean_custom_logo_mobile_max_height":0,"ocean_header_custom_menu":"0","ocean_menu_typo_font_family":"0","ocean_menu_typo_font_subset":"","ocean_menu_typo_font_size":0,"ocean_menu_typo_font_size_tablet":0,"ocean_menu_typo_font_size_mobile":0,"ocean_menu_typo_font_size_unit":"px","ocean_menu_typo_font_weight":"","ocean_menu_typo_font_weight_tablet":"","ocean_menu_typo_font_weight_mobile":"","ocean_menu_typo_transform":"","ocean_menu_typo_transform_tablet":"","ocean_menu_typo_transform_mobile":"","ocean_menu_typo_line_height":0,"ocean_menu_typo_line_height_tablet":0,"ocean_menu_typo_line_height_mobile":0,"ocean_menu_typo_line_height_unit":"","ocean_menu_typo_spacing":0,"ocean_menu_typo_spacing_tablet":0,"ocean_menu_typo_spacing_mobile":0,"ocean_menu_typo_spacing_unit":"","ocean_menu_link_color":"","ocean_menu_link_color_hover":"","ocean_menu_link_color_active":"","ocean_menu_link_background":"","ocean_menu_link_hover_background":"","ocean_menu_link_active_background":"","ocean_menu_social_links_bg":"","ocean_menu_social_hover_links_bg":"","ocean_menu_social_links_color":"","ocean_menu_social_hover_links_color":"","ocean_disable_title":"default","ocean_disable_heading":"default","ocean_post_title":"","ocean_post_subheading":"","ocean_post_title_style":"","ocean_post_title_background_color":"","ocean_post_title_background":0,"ocean_post_title_bg_image_position":"","ocean_post_title_bg_image_attachment":"","ocean_post_title_bg_image_repeat":"","ocean_post_title_bg_image_size":"","ocean_post_title_height":0,"ocean_post_title_bg_overlay":0.5,"ocean_post_title_bg_overlay_color":"","ocean_disable_breadcrumbs":"default","ocean_breadcrumbs_color":"","ocean_breadcrumbs_separator_color":"","ocean_breadcrumbs_links_color":"","ocean_breadcrumbs_links_hover_color":"","ocean_display_footer_widgets":"default","ocean_display_footer_bottom":"default","ocean_custom_footer_template":"0","two_page_speed":[],"footnotes":""},"class_list":["post-41","page","type-page","status-publish","hentry","entry"],"_links":{"self":[{"href":"https:\/\/zavodskofljica.si\/index.php\/wp-json\/wp\/v2\/pages\/41","targetHints":{"allow":["GET"]}}],"collection":[{"href":"https:\/\/zavodskofljica.si\/index.php\/wp-json\/wp\/v2\/pages"}],"about":[{"href":"https:\/\/zavodskofljica.si\/index.php\/wp-json\/wp\/v2\/types\/page"}],"author":[{"embeddable":true,"href":"https:\/\/zavodskofljica.si\/index.php\/wp-json\/wp\/v2\/users\/1"}],"replies":[{"embeddable":true,"href":"https:\/\/zavodskofljica.si\/index.php\/wp-json\/wp\/v2\/comments?post=41"}],"version-history":[{"count":9,"href":"https:\/\/zavodskofljica.si\/index.php\/wp-json\/wp\/v2\/pages\/41\/revisions"}],"predecessor-version":[{"id":163,"href":"https:\/\/zavodskofljica.si\/index.php\/wp-json\/wp\/v2\/pages\/41\/revisions\/163"}],"wp:attachment":[{"href":"https:\/\/zavodskofljica.si\/index.php\/wp-json\/wp\/v2\/media?parent=41"}],"curies":[{"name":"wp","href":"https:\/\/api.w.org\/{rel}","templated":true}]}}