{"id":39,"date":"2025-01-24T11:13:11","date_gmt":"2025-01-24T11:13:11","guid":{"rendered":"https:\/\/zavodskofljica.si\/?page_id=39"},"modified":"2025-01-30T14:30:21","modified_gmt":"2025-01-30T14:30:21","slug":"kultura","status":"publish","type":"page","link":"https:\/\/zavodskofljica.si\/index.php\/kultura\/","title":{"rendered":"Kultura"},"content":{"rendered":"<p class=\"p1\">Na podro\u010dju kulture zavod skrbi za uresni\u010devanje javnega interesa, kar vklju\u010duje ustvarjanje pogojev za razvoj, posredovanje in varovanje kakovostnih kulturnih dobrin.<\/p>\n<p class=\"p1\">V sodelovanju z drugimi kulturnimi nosilci v ob\u010dini izvaja programe in projekte, spodbuja umetni\u0161ko ustvarjalnost v vseh oblikah ter prispeva k vzgojno-izobra\u017eevalnim programom in vsebinam.<\/p>\n<p class=\"p1\">Pri svojem delovanju upo\u0161teva preplet razli\u010dnih umetni\u0161kih smeri, jih povezuje, s \u010dimer krepi identiteto skupnosti na temeljih medsebojnega spo\u0161tovanja in sodelovanja.<\/p>\n<p class=\"p1\">Zavod se posve\u010da tudi:<\/p>\n<p class=\"p3\">\u2022 ohranjanju in promociji lokalne kulturne dedi\u0161\u010dine,<\/p>\n<p class=\"p3\">\u2022 spodbujanju razvoja novih oblik kulturnega delovanja,<\/p>\n<p class=\"p3\">\u2022 zagotavljanju kakovostne ponudbe na podro\u010dju kulture.<\/p>\n<p class=\"p1\">V imenu <a href=\"http:\/\/www.skofljica.si\">Ob\u010dine \u0160kofljica<\/a> sodeluje pri oblikovanju programa in izvajanju aktivnosti znotraj ob\u010dine in sodelovanju z vsemi dru\u0161tvi okoli\u0161kih ob\u010din <a href=\"https:\/\/www.obcina-ig.si\">IG<\/a>, <a href=\"https:\/\/www.grosuplje.si\">Grosuplje<\/a>, <a href=\"https:\/\/obcina.velike-lasce.si\">Velike La\u0161\u010de<\/a> in <a href=\"http:\/\/www.ljubljana.si\">Ljubljana<\/a>.<\/p>\n<p>Povezave:<\/p>\n<p>KUD Pijava Gorica<\/p>\n<p>KUD Lavrica<\/p>\n<p>KUD \u0160kofljica<\/p>\n<p>Interesno zdru\u017eenje Lavrica<\/p>\n<p>KD Rom pom pom<\/p>\n<p>&#8230;<\/p>\n","protected":false},"excerpt":{"rendered":"<p>Na podro\u010dju kulture zavod skrbi za uresni\u010devanje javnega interesa, kar vklju\u010duje ustvarjanje pogojev za razvoj, posredovanje in varovanje kakovostnih kulturnih dobrin. V sodelovanju z drugimi kulturnimi nosilci v ob\u010dini izvaja programe in projekte, spodbuja umetni\u0161ko ustvarjalnost v vseh oblikah ter prispeva k vzgojno-izobra\u017eevalnim programom in vsebinam. Pri svojem delovanju upo\u0161teva preplet razli\u010dnih umetni\u0161kih smeri, jih [&hellip;]<\/p>\n","protected":false},"author":1,"featured_media":0,"parent":0,"menu_order":0,"comment_status":"closed","ping_status":"closed","template":"","meta":{"ocean_post_layout":"","ocean_both_sidebars_style":"","ocean_both_sidebars_content_width":0,"ocean_both_sidebars_sidebars_width":0,"ocean_sidebar":"0","ocean_second_sidebar":"0","ocean_disable_margins":"enable","ocean_add_body_class":"","ocean_shortcode_before_top_bar":"","ocean_shortcode_after_top_bar":"","ocean_shortcode_before_header":"","ocean_shortcode_after_header":"","ocean_has_shortcode":"","ocean_shortcode_after_title":"","ocean_shortcode_before_footer_widgets":"","ocean_shortcode_after_footer_widgets":"","ocean_shortcode_before_footer_bottom":"","ocean_shortcode_after_footer_bottom":"","ocean_display_top_bar":"default","ocean_display_header":"default","ocean_header_style":"","ocean_center_header_left_menu":"0","ocean_custom_header_template":"0","ocean_custom_logo":0,"ocean_custom_retina_logo":0,"ocean_custom_logo_max_width":0,"ocean_custom_logo_tablet_max_width":0,"ocean_custom_logo_mobile_max_width":0,"ocean_custom_logo_max_height":0,"ocean_custom_logo_tablet_max_height":0,"ocean_custom_logo_mobile_max_height":0,"ocean_header_custom_menu":"0","ocean_menu_typo_font_family":"0","ocean_menu_typo_font_subset":"","ocean_menu_typo_font_size":0,"ocean_menu_typo_font_size_tablet":0,"ocean_menu_typo_font_size_mobile":0,"ocean_menu_typo_font_size_unit":"px","ocean_menu_typo_font_weight":"","ocean_menu_typo_font_weight_tablet":"","ocean_menu_typo_font_weight_mobile":"","ocean_menu_typo_transform":"","ocean_menu_typo_transform_tablet":"","ocean_menu_typo_transform_mobile":"","ocean_menu_typo_line_height":0,"ocean_menu_typo_line_height_tablet":0,"ocean_menu_typo_line_height_mobile":0,"ocean_menu_typo_line_height_unit":"","ocean_menu_typo_spacing":0,"ocean_menu_typo_spacing_tablet":0,"ocean_menu_typo_spacing_mobile":0,"ocean_menu_typo_spacing_unit":"","ocean_menu_link_color":"","ocean_menu_link_color_hover":"","ocean_menu_link_color_active":"","ocean_menu_link_background":"","ocean_menu_link_hover_background":"","ocean_menu_link_active_background":"","ocean_menu_social_links_bg":"","ocean_menu_social_hover_links_bg":"","ocean_menu_social_links_color":"","ocean_menu_social_hover_links_color":"","ocean_disable_title":"default","ocean_disable_heading":"default","ocean_post_title":"","ocean_post_subheading":"","ocean_post_title_style":"","ocean_post_title_background_color":"","ocean_post_title_background":0,"ocean_post_title_bg_image_position":"","ocean_post_title_bg_image_attachment":"","ocean_post_title_bg_image_repeat":"","ocean_post_title_bg_image_size":"","ocean_post_title_height":0,"ocean_post_title_bg_overlay":0.5,"ocean_post_title_bg_overlay_color":"","ocean_disable_breadcrumbs":"default","ocean_breadcrumbs_color":"","ocean_breadcrumbs_separator_color":"","ocean_breadcrumbs_links_color":"","ocean_breadcrumbs_links_hover_color":"","ocean_display_footer_widgets":"default","ocean_display_footer_bottom":"default","ocean_custom_footer_template":"0","two_page_speed":[],"footnotes":""},"class_list":["post-39","page","type-page","status-publish","hentry","entry"],"_links":{"self":[{"href":"https:\/\/zavodskofljica.si\/index.php\/wp-json\/wp\/v2\/pages\/39","targetHints":{"allow":["GET"]}}],"collection":[{"href":"https:\/\/zavodskofljica.si\/index.php\/wp-json\/wp\/v2\/pages"}],"about":[{"href":"https:\/\/zavodskofljica.si\/index.php\/wp-json\/wp\/v2\/types\/page"}],"author":[{"embeddable":true,"href":"https:\/\/zavodskofljica.si\/index.php\/wp-json\/wp\/v2\/users\/1"}],"replies":[{"embeddable":true,"href":"https:\/\/zavodskofljica.si\/index.php\/wp-json\/wp\/v2\/comments?post=39"}],"version-history":[{"count":6,"href":"https:\/\/zavodskofljica.si\/index.php\/wp-json\/wp\/v2\/pages\/39\/revisions"}],"predecessor-version":[{"id":190,"href":"https:\/\/zavodskofljica.si\/index.php\/wp-json\/wp\/v2\/pages\/39\/revisions\/190"}],"wp:attachment":[{"href":"https:\/\/zavodskofljica.si\/index.php\/wp-json\/wp\/v2\/media?parent=39"}],"curies":[{"name":"wp","href":"https:\/\/api.w.org\/{rel}","templated":true}]}}