{"id":164,"date":"2025-01-30T11:01:54","date_gmt":"2025-01-30T11:01:54","guid":{"rendered":"https:\/\/zavodskofljica.si\/?page_id=164"},"modified":"2025-01-30T11:06:26","modified_gmt":"2025-01-30T11:06:26","slug":"visit-skofljica","status":"publish","type":"page","link":"https:\/\/zavodskofljica.si\/index.php\/visit-skofljica\/","title":{"rendered":"Visit \u0160kofljica"},"content":{"rendered":"<h2>\u0160KOFLJICA:<\/h2>\n<p>\u0160kofljica je naselje in ob\u010dinsko sredi\u0161\u010de ob cesti Ljubljana\u2013Ko\u010devje in progi Ljubljana\u2013Grosuplje\u2013Metlika ter le\u017ei na skrajnem jugovzhodnem robu <a href=\"https:\/\/www.ljubljanskobarje.si\">Ljubljanskega barja<\/a>. V sedanji \u0161koflji\u0161ki ob\u010dinski stavbi je bila neko\u010d osnovna \u0161ola, ki so jo po drugi svetovni vojni zgradili prostovoljci. \u0160oli je bila kasneje prizidana telovadnica, ki je danes kulturna dvorana. <a href=\"https:\/\/www.skofljica.info\">\u017dupnijska cerkev sv. Cirila in Metoda<\/a> je bila zgrajena leta 1986 po na\u010drtih arhitekta Franca Kvaternika.<\/p>\n<p>Ob ustanovitvi <a href=\"https:\/\/www.skofljica.si\">Ob\u010dine \u0160kofljica<\/a> je bilo treba izbrati simbola ob\u010dine \u2013 grb in zastavo. Ker ob\u010dino najbolj opredeljuje enkratna pokrajina barja ter njegova vloga v razvoju poselitve, gospodarskih panog in na\u010dina \u017eivljenja, se je ob\u010dinski svet odlo\u010dil za podobo velikega \u0161kurha.<\/p>\n<p>Ob 20. obletnici ob\u010dine je <a href=\"https:\/\/www.oldtimer-skofljica.com\">Oldtimer klub \u0160kofljica<\/a> v parku postavil skulpturo velikega \u0161kurha. S tem se je zahvalil ob\u010dini za pomo\u010d pri organizaciji odmevnih \u0161koflji\u0161kih starodobni\u0161kih sre\u010danj.<\/p>\n<p>&nbsp;<\/p>\n<p><a href=\"https:\/\/www.os-skofljica.si\">Osnovna \u0161ola \u0160kofljica<\/a> je skupaj s podru\u017enicama v \u017delimljah in na\u00a0Lavrici edina vzgojno-izobra\u017eevalna ustanova v Ob\u010dini \u0160kofljica, ki izvaja osnovno\u0161olski program, in spada po \u0161tevilu otrok med najve\u010dje v Sloveniji. V \u017delimljah ima ob\u010dina tudi gimnazijo \u017delimlje.<\/p>\n<p><a href=\"https:\/\/vitadom.si\/skofljica\/\">Dom starej\u0161ih \u0160kofljica<\/a> se nahaja v naselju \u0160kofljica, na desnem bregu potoka \u0160kofelj\u0161\u010dica.<\/p>\n<p><a href=\"https:\/\/www.vrtecskofljica.si\">Vrtec \u0160kofljica<\/a> je razdeljen v pet enot (Bisernik, Cekin\u010dek, Citron\u010dek, Pisan\u010dek, \u0160kratec). Poimenovanje enot je po vrstah metulja.<\/p>\n<p><a href=\"https:\/\/www.skofljica.si\/objava\/761228\">Poslovno-obrtna cona (POC) \u0160kofljica<\/a> je ve\u010dje zaokro\u017eeno obmo\u010dje, zasnovano z namenom razvijanja sodobnega podjetni\u0161kega okolja. Skupna bruto povr\u0161ina zemlji\u0161\u010d obsega 302.211 m2, od tega je povr\u0161ina gradbenih parcel 204.159 m2. Povr\u0161ina javne infrastrukture v coni obsega 58.247 m2.<\/p>\n<h2>LANI\u0160\u010cE:<\/h2>\n<p>Lani\u0161\u010de je naselje nad severovzhodnim zatokom Ljubljanskega barja in na ju\u017enem pobo\u010dju hriba, za katerim se dviga Molnik (582 m). Pod naseljem te\u010de \u017eeleznica Ljubljana\u2013Grosuplje. Sredi\u0161\u010de vasi je starodavna gotska stavba, Cerkev svete Ur\u0161ule, znana po poznogotskih freskah. Ena izmed njih je tudi najstarej\u0161a freska z motivom slovenske pokrajine. Kulinari\u010dni izdelki iz lanu izhajajo iz tega kraja, pod vzno\u017ejem Lisi\u010dja.<\/p>\n<h2>LISI\u010cJE:<\/h2>\n<p><a href=\"https:\/\/www.facebook.com\/dvorecLisicje\">Dvorec Lisi\u010dje<\/a> stoji na severnem delu ob\u010dine, dobrih 10 km iz Ljubljane.<\/p>\n<p>V dvorcu je bil nekaj \u010dasa tudi dr\u017eavni arhiv. Oprema in pohi\u0161tvo dvorca sta se sicer v celoti porazgubila, vendar je leta 2006 Ob\u010dina \u0160kofljica odkupila dvorec od dr\u017eave in pri\u010dela z na\u010drtno obnovo. Dvorec Lisi\u010dje spet pridobiva nekdanjo podobo, v njem se odvijajo razli\u010dne kulturne prireditve, v zadnjem \u010dasu pa tudi poroke.<\/p>\n<h2>ZALOG:<\/h2>\n<p>V Zalogu pri \u0160kofljici se je leta 1785 rodil <a href=\"https:\/\/sl.wikipedia.org\/wiki\/Janez_Nepomuk_Primic\">Janez Nepomuk Primic<\/a>, profesor in pobudnik ustanovitve stolice slovenskega jezika na gra\u0161kem liceju, ustanovitelj slovenskega jezikovno literarnega dru\u0161tva z narodnopreporodnimi cilji in pisec \u0161tevilnih del.<\/p>\n<h2>GLINK, GUMI\u0160\u010cE:<\/h2>\n<p><a href=\"https:\/\/sl.wikipedia.org\/wiki\/Rusova_kapelica\">Rusova kapelica<\/a> (v\u010dasih imenovana tudi Francoska kapelica) nad Glinkom je bila postavljena v prvi polovici 19. stoletja v spomin na bitko med avstrijsko in francosko vojsko, ki se je odvijala 12. septembra 1813 nad \u0160marjem, Gumni\u0161\u010dem in \u0160kofljico.<\/p>\n<h2>PLE\u0160E:<\/h2>\n<p>Po nekaterih domnevah naj bi na \u0161ir\u0161em obmo\u010dju Ple\u0161 kopali rudo \u017ee v \u017eelezni in rimski dobi, o rudarjenju na za\u010detku 18. stoletja pa pri\u010da najdena kovinska plo\u0161\u010da z letnico 1729, ki je danes shranjena v <a href=\"https:\/\/www.nms.si\/si\/\">Narodnem muzeju Slovenije<\/a>.\u00a0V bli\u017eini je kamnolom z jezerom.<\/p>\n<h2>ORLE:<\/h2>\n<p>Drugo ime za Orle (nekdaj Orlje) je \u010ce\u0161njevo naselje, saj je tu doma najbolj\u0161e \u010de\u0161njevo \u017eganje v Sloveniji.<\/p>\n<p>Zaradi svoje lege med Mazovnikom in Molnikom ter blizu prestolnice so Orle priljubljena izletni\u0161ka to\u010dka, ki ponuja razgled tako na severovzhodni del Ljubljane kot na Barje. Orle so priljubljene ne samo zaradi svoje lege, ampak tudi zaradi <a href=\"https:\/\/www.gostilnica-orle.si\">Gostilnica Orle<\/a> in <a href=\"https:\/\/www.ranc-okorn.com\">Ran\u010da Okorn Orle<\/a>. Nasproti <a href=\"https:\/\/www.facebook.com\/pgd.orle.5\">gasilnega doma Orle<\/a> se nahaja ograjeno igri\u0161\u010de za pre\u017eivljanje \u0161portne aktivnosti in rekreacijo otrok.<\/p>\n<h2>LAVRICA, SELA, SREDNJA VAS, DALJNA VAS:<\/h2>\n<p>Neko\u010d so sedanjo Lavrico sestavljali \u0161tirje zaselki oziroma vasi: Sela, Srednja vas in Daljna vas; na drugi strani Dolenjske ceste, na Barju, pa \u0161e zaselek Babna Gorica. \u017divljenje kraja in njegov razvoj je dodobra zaznamovala gradnja dvorazredne osnovne \u0161ole (sedaj stara \u0161ola), <a href=\"https:\/\/pgdlavrica.si\">gasilskega doma Lavrica<\/a> in <a href=\"https:\/\/www.facebook.com\/kslavrica\/?locale=sl_SI\">Kulturnega doma Lavrica<\/a>. Na Lavrici zdaj stojijo nova stanovanjska naselja, v katerega se je priselilo precej mladih dru\u017ein. Zato je bila zgrajena tudi moderna podru\u017eni\u010dna osnovna \u0161ola z novo telovadnico v prizidku.\u00a0Za preno\u010di\u0161\u010da so na voljo <a href=\"https:\/\/www.agoda.com\">Agoda The Art House<\/a>.<\/p>\n<h2>GUMI\u0160\u010cE:<\/h2>\n<p>V \u010dasu furmanstva je imelo Gumni\u0161\u010de zelo pomembno prometno vlogo, saj je skozi vas potekala glavna prometnica Ljubljana\u2013Ko\u010devje.<\/p>\n<h2>GORENJE BLATO:<\/h2>\n<p>Gorenje Blato je bilo prvi\u010d omenjeno leta 1267, in sicer z imenom \u00bbvila Mos\u00ab (moss pomeni mah, kar je starej\u0161i izraz za barje).<\/p>\n<h2>PIJAVA GORICA:<\/h2>\n<p>Pijava Gorica je gru\u010dasta vas, ki je oddaljena 14 km od Ljubljane in le\u017ei ob cesti Ljubljana\u2013Ko\u010devje. Vas je tudi izhodi\u0161\u010de za Pijav\u0161ko barjansko pot. Eden izmed pomembnej\u0161ih objektov kulturne dedi\u0161\u010dine v Pijavi Gorici je skedenj, ki je bil zgrajen v drugi polovici 19. stoletja. Pijava Gorica je najbolj znana po <a href=\"https:\/\/www.facebook.com\/gostilnacot\">Gostilni \u010cot<\/a>, ki sprejema goste \u017ee ve\u010d kot 100 let. Doma\u010da specialiteta gostilne so \u017elikrofi. Nahaja se tudi kulturna dvorana t.i. &#8220;Skedenj, kjer se odvijajo dogodki in prireditve.<\/p>\n<p>SMRJANE:<\/p>\n<p>Smrjene so vas na robu rodovitnih polj. Kot sporo\u010da ime, so Smrjene zelo mirno obmo\u010dje, zaradi \u010desar se je v zadnjem \u010dasu sem priselilo mnogo novih prebivalcev. Zdrav\u010dek, izvir pitne vode, so va\u0161\u010dani Smrjen \u017ee od nekdaj uporabljali za potrebe gospodinjstev. Gospodinje so nosile vodo v vas, oddaljeno 1 km, v \u0161kafih na glavi. \u017divini je bilo za napajanje namenjeno veliko hrastovo korito, v neposredni bli\u017eini pa so bili polo\u017eeni trije veliki gladki kamni za pranje perila. Pozimi izvir zamrzne, poleti pa se pretok zmanj\u0161a, vendar nikoli ne presahne. V naselju Brezje je postavljen spomenik talcem, ob katerem se vsako leto na ob\u010dinski praznik zberejo \u010dlani ZZB NOB \u0160kofljica. Prireditev poteka pod \u0161otorom, ki ga postavi Janez Pi\u0161kur, kulturni program pa pripravijo u\u010denci Osnovne \u0161ole \u0160kofljica in \u017eenski pevski zbor <a href=\"https:\/\/www.facebook.com\/laniske.predice\/\">Lani\u0161ke predice<\/a>. Na prireditvi se tradicionalno stre\u017ee gola\u017e, ki ga skuhajo v <a href=\"https:\/\/www.facebook.com\/gostilnacot\">Gostilni \u010cot<\/a>. Tudi Smrjane ima svoj \u0161portni park, kjer je mo\u010d rekreativno porabljati svoj prosti \u010das.<\/p>\n<h2>GRADI\u0160\u010cE:<\/h2>\n<p>Staro va\u0161ko jedro Gradi\u0161\u010da nad Pijavo Gorico le\u017ei na ju\u017enem podno\u017eju hriba Brzek. Samo naselje se je v zadnjih dvajsetih letih precej raz\u0161irilo. Nahaja se tudi cerkev sv. Primo\u017ea in Felicijana, kakor tudi dom krajanov Gradi\u0161\u010de.<\/p>\n<h2>VRH NAD \u017dELIMLJAMI:<\/h2>\n<p>Vrh nad \u017delimljami je najvi\u0161je le\u017ee\u010da vas v Ob\u010dini \u0160kofljica. Nahaja se v hribovitem ju\u017enem zaledju barja, struktura zemlji\u0161\u010da in favna pa sta tipi\u010dno dinarskokra\u0161ki. Vas zaradi svoje specifi\u010dne nadmorske vi\u0161ine (580 m) nima razgleda samo na Ljubljansko barje, temve\u010d tudi na \u0161ir\u0161e dolenjsko podro\u010dje. Nahaja se tudi cerkev sv. Petra.<\/p>\n<h2>\u017dELIMLJE:<\/h2>\n<p>Naselje \u017delimlje le\u017ei pod Kure\u0161\u010dkom v sredi\u0161\u010du stranske doline Ljubljanskega barja. V obdobju 1902\u20131908 je v \u017eelimeljskem \u017eupni\u0161\u010du\u00a0 prebival duhovnik in pisatelj Fran Sale\u0161ki Fin\u017egar. Bil je pobudnik izgradnje nove \u0161ole. Pred ve\u010d kot 50 leti so salezijanci v \u017delimljah postavili \u0161olo, ki se je leta 1991 preoblikovala v <a href=\"https:\/\/gz.zelimlje.si\">Gimnazijo \u017delimlje<\/a>. Ob njej stoji <a href=\"https:\/\/djb.zelimlje.si\">Dom Janeza Boska<\/a> (dija\u0161ki dom), v <a href=\"https:\/\/md.zelimlje.si\">Majcnovem dom<\/a>u pa \u017ee vrsto let organizirajo programe za mlade. Vse tri enote so povezane v <a href=\"https:\/\/zelimlje.si\">Zavod sv. Fran\u010di\u0161ka Sale\u0161kega<\/a>.<\/p>\n<h2>KLADA:<span class=\"Apple-converted-space\">\u00a0<\/span><\/h2>\n<p>Klada je gru\u010dasta vas na severnem pobo\u010dju hriba Sveta Marjeta (653 m), severozahodu Turja\u0161ke pokrajine in jugovzhodno od Iga. Blizu vasi te\u010deta potoka Zada\u010dnica in Dra\u0161\u010dica. V bli\u017eini vasi so arheologi \u017ee sredi 19. stoletja odkrili gomilno grobi\u0161\u010de iz hal\u0161tatskega obdobja, ki naj bi pripadalo naselbini na Golem, ob njem pa tudi anti\u010dno grobi\u0161\u010de in rimsko cesto.<\/p>\n","protected":false},"excerpt":{"rendered":"<p>\u0160KOFLJICA: \u0160kofljica je naselje in ob\u010dinsko sredi\u0161\u010de ob cesti Ljubljana\u2013Ko\u010devje in progi Ljubljana\u2013Grosuplje\u2013Metlika ter le\u017ei na skrajnem jugovzhodnem robu Ljubljanskega barja. V sedanji \u0161koflji\u0161ki ob\u010dinski stavbi je bila neko\u010d osnovna \u0161ola, ki so jo po drugi svetovni vojni zgradili prostovoljci. \u0160oli je bila kasneje prizidana telovadnica, ki je danes kulturna dvorana. \u017dupnijska cerkev sv. Cirila [&hellip;]<\/p>\n","protected":false},"author":1,"featured_media":0,"parent":0,"menu_order":0,"comment_status":"closed","ping_status":"closed","template":"","meta":{"ocean_post_layout":"","ocean_both_sidebars_style":"","ocean_both_sidebars_content_width":0,"ocean_both_sidebars_sidebars_width":0,"ocean_sidebar":"0","ocean_second_sidebar":"0","ocean_disable_margins":"enable","ocean_add_body_class":"","ocean_shortcode_before_top_bar":"","ocean_shortcode_after_top_bar":"","ocean_shortcode_before_header":"","ocean_shortcode_after_header":"","ocean_has_shortcode":"","ocean_shortcode_after_title":"","ocean_shortcode_before_footer_widgets":"","ocean_shortcode_after_footer_widgets":"","ocean_shortcode_before_footer_bottom":"","ocean_shortcode_after_footer_bottom":"","ocean_display_top_bar":"default","ocean_display_header":"default","ocean_header_style":"","ocean_center_header_left_menu":"0","ocean_custom_header_template":"0","ocean_custom_logo":0,"ocean_custom_retina_logo":0,"ocean_custom_logo_max_width":0,"ocean_custom_logo_tablet_max_width":0,"ocean_custom_logo_mobile_max_width":0,"ocean_custom_logo_max_height":0,"ocean_custom_logo_tablet_max_height":0,"ocean_custom_logo_mobile_max_height":0,"ocean_header_custom_menu":"0","ocean_menu_typo_font_family":"0","ocean_menu_typo_font_subset":"","ocean_menu_typo_font_size":0,"ocean_menu_typo_font_size_tablet":0,"ocean_menu_typo_font_size_mobile":0,"ocean_menu_typo_font_size_unit":"px","ocean_menu_typo_font_weight":"","ocean_menu_typo_font_weight_tablet":"","ocean_menu_typo_font_weight_mobile":"","ocean_menu_typo_transform":"","ocean_menu_typo_transform_tablet":"","ocean_menu_typo_transform_mobile":"","ocean_menu_typo_line_height":0,"ocean_menu_typo_line_height_tablet":0,"ocean_menu_typo_line_height_mobile":0,"ocean_menu_typo_line_height_unit":"","ocean_menu_typo_spacing":0,"ocean_menu_typo_spacing_tablet":0,"ocean_menu_typo_spacing_mobile":0,"ocean_menu_typo_spacing_unit":"","ocean_menu_link_color":"","ocean_menu_link_color_hover":"","ocean_menu_link_color_active":"","ocean_menu_link_background":"","ocean_menu_link_hover_background":"","ocean_menu_link_active_background":"","ocean_menu_social_links_bg":"","ocean_menu_social_hover_links_bg":"","ocean_menu_social_links_color":"","ocean_menu_social_hover_links_color":"","ocean_disable_title":"default","ocean_disable_heading":"default","ocean_post_title":"","ocean_post_subheading":"","ocean_post_title_style":"","ocean_post_title_background_color":"","ocean_post_title_background":0,"ocean_post_title_bg_image_position":"","ocean_post_title_bg_image_attachment":"","ocean_post_title_bg_image_repeat":"","ocean_post_title_bg_image_size":"","ocean_post_title_height":0,"ocean_post_title_bg_overlay":0.5,"ocean_post_title_bg_overlay_color":"","ocean_disable_breadcrumbs":"default","ocean_breadcrumbs_color":"","ocean_breadcrumbs_separator_color":"","ocean_breadcrumbs_links_color":"","ocean_breadcrumbs_links_hover_color":"","ocean_display_footer_widgets":"default","ocean_display_footer_bottom":"default","ocean_custom_footer_template":"0","two_page_speed":[],"footnotes":""},"class_list":["post-164","page","type-page","status-publish","hentry","entry"],"_links":{"self":[{"href":"https:\/\/zavodskofljica.si\/index.php\/wp-json\/wp\/v2\/pages\/164","targetHints":{"allow":["GET"]}}],"collection":[{"href":"https:\/\/zavodskofljica.si\/index.php\/wp-json\/wp\/v2\/pages"}],"about":[{"href":"https:\/\/zavodskofljica.si\/index.php\/wp-json\/wp\/v2\/types\/page"}],"author":[{"embeddable":true,"href":"https:\/\/zavodskofljica.si\/index.php\/wp-json\/wp\/v2\/users\/1"}],"replies":[{"embeddable":true,"href":"https:\/\/zavodskofljica.si\/index.php\/wp-json\/wp\/v2\/comments?post=164"}],"version-history":[{"count":4,"href":"https:\/\/zavodskofljica.si\/index.php\/wp-json\/wp\/v2\/pages\/164\/revisions"}],"predecessor-version":[{"id":169,"href":"https:\/\/zavodskofljica.si\/index.php\/wp-json\/wp\/v2\/pages\/164\/revisions\/169"}],"wp:attachment":[{"href":"https:\/\/zavodskofljica.si\/index.php\/wp-json\/wp\/v2\/media?parent=164"}],"curies":[{"name":"wp","href":"https:\/\/api.w.org\/{rel}","templated":true}]}}